{"id":8,"date":"2015-12-15T00:57:11","date_gmt":"2015-12-15T00:57:11","guid":{"rendered":"http:\/\/villasancarlos.club\/vsc\/?page_id=8"},"modified":"2024-12-19T09:26:42","modified_gmt":"2024-12-19T12:26:42","slug":"estadio","status":"publish","type":"page","link":"https:\/\/villasancarlos.club\/vsc\/el-club\/estadio\/","title":{"rendered":"Estadio"},"content":{"rendered":"\r\n<h1 style=\"text-align: left;\"><strong><span style=\"color: #00aae7; font-size: 170%;\">ESTADIO GENNACIO S\u00c1LICE<\/span><\/strong><\/h1>\r\n<h2><strong>El Estadio Gennacio S\u00e1lice, ubicado en las intersecciones de las calles 173 entre 26 Este y 27 de la ciudad de Berisso, fue inaugurado el 25 de Mayo de 1950 bajo la presidencia de Celeste &#8220;Chiquito&#8221; Garc\u00eda. El mismo debe su nombre a Don S\u00e1lice, quien fuera due\u00f1o de los terrenos cedidos para la construcci\u00f3n del estadio.<\/strong><\/h2>\r\n<p><img loading=\"lazy\" decoding=\"async\" class=\"aligncenter wp-image-24707 size-full\" src=\"https:\/\/villasancarlos.club\/vsc\/wp-content\/uploads\/2024\/11\/WhatsApp-Image-2024-10-14-at-10.33.42-AM-scaled.jpeg\" alt=\"\" width=\"2560\" height=\"1440\" srcset=\"https:\/\/villasancarlos.club\/vsc\/wp-content\/uploads\/2024\/11\/WhatsApp-Image-2024-10-14-at-10.33.42-AM-scaled.jpeg 2560w, https:\/\/villasancarlos.club\/vsc\/wp-content\/uploads\/2024\/11\/WhatsApp-Image-2024-10-14-at-10.33.42-AM-300x169.jpeg 300w, https:\/\/villasancarlos.club\/vsc\/wp-content\/uploads\/2024\/11\/WhatsApp-Image-2024-10-14-at-10.33.42-AM-scaled-600x338.jpeg 600w, https:\/\/villasancarlos.club\/vsc\/wp-content\/uploads\/2024\/11\/WhatsApp-Image-2024-10-14-at-10.33.42-AM-1024x576.jpeg 1024w, https:\/\/villasancarlos.club\/vsc\/wp-content\/uploads\/2024\/11\/WhatsApp-Image-2024-10-14-at-10.33.42-AM-768x432.jpeg 768w, https:\/\/villasancarlos.club\/vsc\/wp-content\/uploads\/2024\/11\/WhatsApp-Image-2024-10-14-at-10.33.42-AM-1536x864.jpeg 1536w, https:\/\/villasancarlos.club\/vsc\/wp-content\/uploads\/2024\/11\/WhatsApp-Image-2024-10-14-at-10.33.42-AM-2048x1152.jpeg 2048w\" sizes=\"auto, (max-width: 2560px) 100vw, 2560px\" \/><\/p>\r\n\r\n\r\n\r\n\r\n\r\n<p>Antiguamente el sentido de la cancha era paralela a la calle 27 , con un arco de espaldas a la Avenida Montevideo y el otro arco de espaldas al r\u00edo de la plata. Entre los a\u00f1os 2009 y 2010 se llev\u00f3 a cabo una remodelaci\u00f3n que gener\u00f3 que el conjunto de Berisso hicieras las veces de local en varias canchas, siendo algunas de ellas Gimnasia de La Plata, Brown de Adrogu\u00e9 o Estudiantes de Caseros entre otras.<\/p>\r\n\r\n\r\n\r\n<p>Entre las obras realizadas durante el tiempo que dur\u00f3 la remodelaci\u00f3n, se pueden mencionar la reorientaci\u00f3n del campo de juego, que ahora es paralelo a la calle 173, ubicando uno de sus arcos de espalda a la hist\u00f3rica &#8220;Toma de agua&#8221; y su otro arco de espaldas al Puerto La Plata. Adem\u00e1s, se construy\u00f3 una platea con cabinas de transmisi\u00f3n. Otro factor importante fue la remodelaci\u00f3n del vestuario local, visitante y de \u00e1rbitros, como as\u00ed tambi\u00e9n nuevas boleter\u00edas , y el alambrado perimetral del campo de juego.<\/p>\r\n\r\n\r\n\r\n<p>El 24 de Noviembre de 2010 se reinaugur\u00f3 el Estadio con en el choque entre Villa San Carlos y Defensores de Belgrano con triunfo del conjunto de Berisso por 1-0 con gol de Juan Pablo Ortiz.<\/p>\r\n\r\n\r\n\r\n<p>En la actualidad el Estadio Gennacio S\u00e1lice cuenta con capacidad para 6.000 espectadores, nueve cabinas de transmisi\u00f3n para los medios y un sector de filmaci\u00f3n para la televisi\u00f3n, palcos dirigenciales y un gimnasio.<\/p>\r\n<p><img loading=\"lazy\" decoding=\"async\" class=\"alignnone size-medium wp-image-24974\" src=\"https:\/\/villasancarlos.club\/vsc\/wp-content\/uploads\/2024\/12\/IMG_2622-1280x416.jpeg\" alt=\"\" width=\"1280\" height=\"416\" srcset=\"https:\/\/villasancarlos.club\/vsc\/wp-content\/uploads\/2024\/12\/IMG_2622-1280x416.jpeg 1280w, https:\/\/villasancarlos.club\/vsc\/wp-content\/uploads\/2024\/12\/IMG_2622-scaled-300x98.jpeg 300w, https:\/\/villasancarlos.club\/vsc\/wp-content\/uploads\/2024\/12\/IMG_2622-scaled-600x195.jpeg 600w, https:\/\/villasancarlos.club\/vsc\/wp-content\/uploads\/2024\/12\/IMG_2622-1600x521.jpeg 1600w, https:\/\/villasancarlos.club\/vsc\/wp-content\/uploads\/2024\/12\/IMG_2622-768x250.jpeg 768w, https:\/\/villasancarlos.club\/vsc\/wp-content\/uploads\/2024\/12\/IMG_2622-1536x500.jpeg 1536w, https:\/\/villasancarlos.club\/vsc\/wp-content\/uploads\/2024\/12\/IMG_2622-2048x666.jpeg 2048w\" sizes=\"auto, (max-width: 1280px) 100vw, 1280px\" \/><\/p>\r\n\r\n\r\n\r\n<p>El logro m\u00e1s importante conseguido por Villa San Carlos en el Gennacio Salice fue el ascenso por primera vez en su historia a la B Nacional (segunda categor\u00eda en importancia del f\u00fatbol argentino), al vencer por 1-0 a Barracas Central con gol de Mart\u00edn Troncoso, el 25 de Mayo del 2013, d\u00eda en que el estadio cumpl\u00eda 63 a\u00f1os desde su primera inauguraci\u00f3n.<\/p>\r\n\r\n\r\n\r\n<p>&nbsp;<\/p>\r\n\r\n\r\n\r\n<p><strong>C\u00d3MO LLEGAR:<\/strong><\/p>\r\n\r\n\r\n\r\n<p>Calle 173 entre 26 Este y 27, Berisso (Pcia de Bs.As)<\/p>\r\n\r\n\r\n\r\n<p><iframe loading=\"lazy\" style=\"border: 0;\" src=\"https:\/\/www.google.com\/maps\/embed?pb=!1m18!1m12!1m3!1d1376.235501542763!2d-57.86294361033367!3d-34.873098431654014!2m3!1f0!2f0!3f0!3m2!1i1024!2i768!4f13.1!3m3!1m2!1s0x0%3A0x83524095c87377f8!2sVilla+San+Carlos!5e0!3m2!1ses!2sar!4v1468200765141\" width=\"600\" height=\"450\" frameborder=\"0\" allowfullscreen=\"allowfullscreen\"><\/iframe><\/p>\r\n\r\n\r\n\r\n<p><strong><span class=\"subtitle\">Desde Buenos Aires<\/span><\/strong><\/p>\r\n\r\n\r\n\r\n<p><strong>Tren L\u00ednea General Roca<\/strong><br \/>Desde Constituci\u00f3n hasta Estaci\u00f3n La Plata.<br \/>En La plata tomar un colectivo hasta Berisso (L\u00edneas 202).<\/p>\r\n\r\n\r\n\r\n<p><strong>Omnibus<\/strong><br \/>Desde Once, Retiro y Constituci\u00f3n hasta Terminal La Plata.<br \/>En La Plata tomar un colectivo hasta Berisso (L\u00edneas 202).<\/p>\r\n\r\n\r\n\r\n<p>Los colectivos que llegan hasta la ciudad de Berisso son:<\/p>\r\n\r\n\r\n\r\n<p><strong>L\u00cdNEA 202:<\/strong><\/p>\r\n<p><img loading=\"lazy\" decoding=\"async\" class=\"aligncenter wp-image-24726 size-full\" src=\"https:\/\/villasancarlos.club\/vsc\/wp-content\/uploads\/2024\/11\/bbx_597803400_1_colectivo-202.jpg\" alt=\"\" width=\"800\" height=\"579\" srcset=\"https:\/\/villasancarlos.club\/vsc\/wp-content\/uploads\/2024\/11\/bbx_597803400_1_colectivo-202.jpg 800w, https:\/\/villasancarlos.club\/vsc\/wp-content\/uploads\/2024\/11\/bbx_597803400_1_colectivo-202-300x217.jpg 300w, https:\/\/villasancarlos.club\/vsc\/wp-content\/uploads\/2024\/11\/bbx_597803400_1_colectivo-202-600x434.jpg 600w, https:\/\/villasancarlos.club\/vsc\/wp-content\/uploads\/2024\/11\/bbx_597803400_1_colectivo-202-768x556.jpg 768w\" sizes=\"auto, (max-width: 800px) 100vw, 800px\" \/><\/p>\r\n\r\n\r\n\r\n<p><strong>Ramales:<\/strong> Ax60 los talas, Bx1 los talas, Ex60 los talas, Fx1 los talas, Gx34 los talas (Bajarse en Av.Montevideo y 26).<\/p>\r\n\r\n\r\n\r\n<p><strong>Ramales:<\/strong> Cx60, Dx1 y H (Bajarse en Montevideo y 30).<\/p>\r\n\r\n\r\n\r\n<p><strong>En autom\u00f3vil<\/strong><\/p>\r\n\r\n\r\n\r\n<p>Autopista La Plata &#8211; Buenos Aires. Pasar dos\u00a0peajes (Dock Sud y Hudson).\u00a0Distancia aproximada 60 km.<\/p>\r\n","protected":false},"excerpt":{"rendered":"<p>ESTADIO GENNACIO S\u00c1LICE El Estadio Gennacio S\u00e1lice, ubicado en las intersecciones de las calles 173 entre 26 Este y 27 de la ciudad de Berisso, fue inaugurado el 25 de Mayo de 1950 bajo la presidencia de Celeste &#8220;Chiquito&#8221; Garc\u00eda. El mismo debe su nombre a Don S\u00e1lice, quien fuera due\u00f1o de los terrenos cedidos [&#8230;]\n","protected":false},"author":1,"featured_media":0,"parent":4,"menu_order":0,"comment_status":"closed","ping_status":"open","template":"","meta":{"footnotes":""},"class_list":["post-8","page","type-page","status-publish","hentry"],"_links":{"self":[{"href":"https:\/\/villasancarlos.club\/vsc\/wp-json\/wp\/v2\/pages\/8","targetHints":{"allow":["GET"]}}],"collection":[{"href":"https:\/\/villasancarlos.club\/vsc\/wp-json\/wp\/v2\/pages"}],"about":[{"href":"https:\/\/villasancarlos.club\/vsc\/wp-json\/wp\/v2\/types\/page"}],"author":[{"embeddable":true,"href":"https:\/\/villasancarlos.club\/vsc\/wp-json\/wp\/v2\/users\/1"}],"replies":[{"embeddable":true,"href":"https:\/\/villasancarlos.club\/vsc\/wp-json\/wp\/v2\/comments?post=8"}],"version-history":[{"count":23,"href":"https:\/\/villasancarlos.club\/vsc\/wp-json\/wp\/v2\/pages\/8\/revisions"}],"predecessor-version":[{"id":25060,"href":"https:\/\/villasancarlos.club\/vsc\/wp-json\/wp\/v2\/pages\/8\/revisions\/25060"}],"up":[{"embeddable":true,"href":"https:\/\/villasancarlos.club\/vsc\/wp-json\/wp\/v2\/pages\/4"}],"wp:attachment":[{"href":"https:\/\/villasancarlos.club\/vsc\/wp-json\/wp\/v2\/media?parent=8"}],"curies":[{"name":"wp","href":"https:\/\/api.w.org\/{rel}","templated":true}]}}