{"id":63,"date":"2015-12-15T01:20:13","date_gmt":"2015-12-15T01:20:13","guid":{"rendered":"http:\/\/villasancarlos.club\/vsc\/?page_id=63"},"modified":"2025-02-28T08:59:58","modified_gmt":"2025-02-28T11:59:58","slug":"reglamento-de-prensa","status":"publish","type":"page","link":"https:\/\/villasancarlos.club\/vsc\/prensa\/reglamento-de-prensa\/","title":{"rendered":"Reglamento de Prensa"},"content":{"rendered":"\r\n<h1>\u00a0<\/h1>\r\n<p><img loading=\"lazy\" decoding=\"async\" class=\"aligncenter wp-image-25454 size-full\" src=\"https:\/\/villasancarlos.club\/vsc\/wp-content\/uploads\/2025\/02\/reglamento-prensa-3_001.jpg\" alt=\"\" width=\"595\" height=\"842\" srcset=\"https:\/\/villasancarlos.club\/vsc\/wp-content\/uploads\/2025\/02\/reglamento-prensa-3_001.jpg 595w, https:\/\/villasancarlos.club\/vsc\/wp-content\/uploads\/2025\/02\/reglamento-prensa-3_001-300x425.jpg 300w, https:\/\/villasancarlos.club\/vsc\/wp-content\/uploads\/2025\/02\/reglamento-prensa-3_001-509x720.jpg 509w\" sizes=\"auto, (max-width: 595px) 100vw, 595px\" \/><\/p>\r\n\r\n\r\n\r\n<h1><strong>1) REGLAMENTO DE ACREDITACIONES:<\/strong><\/h1>\r\n<p>El <strong>Departamento de Prensa del Club Atl\u00e9tico Villa San Carlos<\/strong> otorga dos tipos de credenciales:<\/p>\r\n<p>1- Las denominadas &#8220;Anuales&#8221;, son aquellas que cubren todo una temporada o campeonato oficial de AFA. <br \/>2- Las denominadas &#8220;Por partido&#8221; son aquellas que solo cubren un partido espec\u00edfico.<\/p>\r\n\r\n\r\n\r\n<h1><strong>2) CONDICIONES PARA ACREDITARSE \/ ACLARACIONES IMPORTANTES<\/strong><\/h1>\r\n<p>&#8211; No se acreditar\u00e1n a personas menores de 18 a\u00f1os.<\/p>\r\n<p>&#8211; No se acreditar\u00e1n a personas que no cuentan con su identificaci\u00f3n propia.<\/p>\r\n<p>&#8211; No se acreditar\u00e1n a particulares que no tengan relaci\u00f3n con las tareas period\u00edsticas.<\/p>\r\n<p>&#8211; Solo se acreditar\u00e1n a los medios que realicen producciones period\u00edsticas deportivas, provinciales o nacionales. Se exceptuar\u00e1n todos los pedidos de los medios que no posean entre sus contenidos habituales informaci\u00f3n sobre f\u00fatbol del<strong> Club Atl\u00e9tico Villa San Carlos<\/strong>; la categor\u00eda o divisi\u00f3n en la que milita nuestra instituci\u00f3n o informaci\u00f3n de las actividades que se desarrollan dentro de nuestra instituci\u00f3n.<\/p>\r\n<p>&#8211; No se permitir\u00e1 el ingreso al estadio de periodistas que porten camisetas, gorros o distintivos identificados con clubes de f\u00fatbol.<\/p>\r\n<p>&#8211; Todo personal acreditado deber\u00e1 contar con su DNI y credencial del medio al que representa para ingresar al estadio, sin excepci\u00f3n.<\/p>\r\n<p>&#8211; Las credenciales de los medios se emiten \u00fanicamente para asuntos oficiales y para las personas que cumplen tareas period\u00edsticas, por lo que no se permite el acceso de c\u00f3nyuges, amigos o ni\u00f1os a las instalaciones predeterminadas a tales efectos.<\/p>\r\n<p>&#8211; <strong>El Club Atl\u00e9tico Villa San Carlos<\/strong> tiene como pol\u00edtica acreditar a medios y no a periodistas o personas. Por ello, los cronistas y\/o fot\u00f3grafos free-lance no ser\u00e1n acreditados.<\/p>\r\n<p>&#8211; Cada credencial tendr\u00e1 el agregado de que sector del estadio se tendr\u00e1 acceso el portador de la misma. En caso de no ser respetado, podr\u00e1n ser retiradas por personal de seguridad o del <strong>Departamento de Prensa<\/strong> ante el incumplimiento de dicha norma.<\/p>\r\n<p>&#8211; No se entregar\u00e1n acreditaciones <strong>\u201cAnuales\u201d<\/strong> una vez iniciado el torneo. S\u00f3lo se entregar\u00e1n a partir de ese momento las acreditaciones<strong> \u201cPor partido\u201d.<\/strong><\/p>\r\n<p>&#8211; Las credenciales solo permiten el acceso al estadio, zona mixta, aleda\u00f1a a los vestuarios, exceptuando el ingreso al campo de juego.<\/p>\r\n<p>&#8211; La salida del estadio por miembros de alg\u00fan medio y su posterior reingreso, deber\u00e1 ser acordada con el personal de seguridad, debiendo entregar su credencial hasta su reingreso.<\/p>\r\n<p>&#8211; Tanto el campo de juego como la zona mixta son consideradas \u00e1reas de trabajo. Por tal motivo queda estrictamente prohibido solicitar aut\u00f3grafos, prendas o tomarse fotograf\u00edas con los jugadores u otros integrantes del plantel profesional y del cuerpo t\u00e9cnico.<\/p>\r\n<p>&#8211; En caso de p\u00e9rdida, robo o hurto de las acreditaciones anuales, el medio deber\u00e1 comunicarlo por escrito inmediatamente al <strong>Departamento de Prensa<\/strong>. La misma ser\u00e1 dada de baja en forma inmediata.<\/p>\r\n<p>&#8211; El <strong>Departamento de Prensa<\/strong> tiene la facultad discrecional de acreditar o no a cualquier medio en funci\u00f3n de la disponibilidad de comodidades y espacio.<\/p>\r\n<p>&#8211; Las acreditaciones que proporciona el <strong>Club Atl\u00e9tico Villa San Carlos<\/strong> son reconocidas como documentos oficiales de esta instituci\u00f3n, por lo tanto el uso indebido de ellas, entendi\u00e9ndose el ingreso a sectores no permitidos, la transferencia a terceros como as\u00ed tambi\u00e9n cualquier otra acci\u00f3n que se considere abusiva a criterio de este Departamento, dar\u00e1 a lugar a la retenci\u00f3n de la acreditaci\u00f3n por parte del personal de seguridad y control.<\/p>\r\n<p>&#8211; Cada productor o responsable de medio deber\u00e1 retirar copia del Reglamento de Prensa, firmando la recepci\u00f3n del mismo.<\/p>\r\n\r\n\r\n\r\n<p>&#8211; Todos los medios que quieran solicitar acreditaciones deber\u00e1n hacerlo \u00fanicamente v\u00eda mail a prensa@villasancarlos.com.ar en los d\u00edas habilitados por este Departamento. La sola acci\u00f3n de completar y enviar el formulario no garantiza la finalizaci\u00f3n del tr\u00e1mite de acreditaci\u00f3n. Cada solicitud ser\u00e1 evaluada por el <strong>Departamento de Prensa del Club Atl\u00e9tico Villa San Carlos<\/strong>, y luego ser\u00e1 confirmada o refutada mediante el envi\u00f3 de un correo electr\u00f3nico.<\/p>\r\n<h1><br \/>3) CANTIDAD DE ACREDITACIONES POR MEDIO.<\/h1>\r\n\r\n\r\n\r\n<p>La cantidad de credenciales solicitadas ser\u00e1 considerada por el <strong>Departamento de Prensa<\/strong> de acuerdo a estos par\u00e1metros:<\/p>\r\n<p><span style=\"color: #00aae7;\"><strong>Aclaraci\u00f3n:<\/strong><\/span> El<strong> Departamento de Prensa<\/strong> deber\u00e1 certificar la existencia de esos medios. Se sugiere presentar material. En cada caso, ser\u00e1 necesario describir las funciones espec\u00edficas que realizar\u00e1 la persona que solicita la acreditaci\u00f3n.<\/p>\r\n\r\n\r\n\r\n<ul>\r\n<li><strong>MEDIOS GR\u00c1FICOS:<\/strong>Cantidad a otorgar: Dos (2)<\/li>\r\n<li><strong>TELEVISI\u00d3N \/ CABLE:<\/strong> Cantidad a otorgar: Tres (3)<\/li>\r\n<li><strong>RADIOS:<\/strong> Radio con transmisi\u00f3n del Partido: Cantidad a otorgar: Cinco (5), Radio con conexi\u00f3n: Cantidad a otorgar: Dos (2), Programa radial semanal: Cantidad a otorgar: Dos(2).<\/li>\r\n<li><strong>ESCUELAS DE PERIODISMOS:<\/strong> Cantidad a otorgar: Una (1).<\/li>\r\n<li><strong>AGENCIA DE NOTICIAS:<\/strong> Cantidad a otorgar: Una (1).<\/li>\r\n<li><strong>REPORTEROS GR\u00c1FICOS:<\/strong> El Departamento de Prensa no acredita a los reporteros gr\u00e1ficos. Seg\u00fan lo establece el reglamento de la Asociaci\u00f3n del F\u00fatbol Argentino (A.F.A) los \u00fanicos autorizados aingresar al estadio son aquellos miembros de la Asociaci\u00f3n de Reporteros Gr\u00e1ficos de la Rep\u00fablica Argentina (A.R.G.R.A.), sin excepci\u00f3n.<\/li>\r\n<li><strong>P\u00c1GINAS WEBS<\/strong>: Cantidad a otorgar: Una (1); No se acreditan blogs, ni p\u00e1ginas o cuentas de redes sociales.<br \/><strong>MULTIMEDIOS:<\/strong> Cantidad a otorgar: Cinco (5)<\/li>\r\n<\/ul>\r\n\r\n\r\n\r\n<h1><strong>4) CABINAS DE TRANSMISI\u00d3N:<\/strong><\/h1>\r\n<p>Su adjudicaci\u00f3n para los partidos se har\u00e1 con el siguiente orden de prioridad para su ubicaci\u00f3n:<\/p>\r\n<p>1) Medios partidarios con transmisi\u00f3n en vivo<\/p>\r\n<p>2) Medios televisivos con transmisi\u00f3n<\/p>\r\n<p>3) Medios partidarios del club visitante con transmisi\u00f3n en vivo<\/p>\r\n<p>4) Medios nacionales con transmisi\u00f3n en vivo<\/p>\r\n<p>5) Medios no nacionales con transmisi\u00f3n en vivo.<\/p>\r\n\r\n\r\n\r\n<h1>5) ROBOS O DESTROZOS DE LAS INSTALACIONES:<\/h1>\r\n<p>Todo robo, destrozos o p\u00e9rdidas que sufran las instalaciones del Club en el sector prensa y que hubiesen sido detectadas por el personal del <strong>Departamento de Prensa<\/strong> o bien por el Personal de Seguridad del club, ser\u00e1n imputadas al medio o personas que al momento, ocupen el lugar siniestrado o robado, formul\u00e1ndose la correspondiente denuncia penal ante la Justicia en aquellos casos que as\u00ed corresponda, todo ello si los ocupantes (Medio de Prensa) antes no hubiesen hecho notar a la Seguridad o Prensa del club la anomal\u00eda, robo o destrozo, ya sea al momento en que recibieron conformes su lugar de trabajo o bien al tiempo en que los destrozos o robos ocurrieren.<\/p>\r\n\r\n\r\n\r\n<h1>6) CRONOGRAMAS DE ACREDITACIONES:<\/h1>\r\n<p><strong><span style=\"color: #00aae7;\">D\u00eda del partido:<\/span><\/strong> Si el partido es s\u00e1bado, el pedido se recibir\u00e1 hasta el jueves 18 horas.Las credenciales se retirar\u00e1n el s\u00e1bado desde dos horas antes del partido, hasta 15 minutos antes del inicio del mismo.<br \/>En caso de que el partido sea un domingo, martes o mi\u00e9rcoles respectivamente, se respetar\u00e1 la misma secuencia.<\/p>\r\n<h1><br \/>7) ACREDITACIONES \u201cCOMO VISITANTE\u201d<\/h1>\r\n<p><br \/>El <strong>Departamento de Prensa<\/strong> informar\u00e1 a los medios que est\u00e9n acreditados anualmente c\u00f3mo ser\u00e1 la forma de acreditarse como visitantes. Esta Secretar\u00eda informar\u00e1 a la del club local, cuales son los medios acreditados por el club por medio de una lista de medios partidarios.Cada medio deber\u00e1 tramitar su acreditaci\u00f3n respectiva, y el <strong>Club Atl\u00e9tico Villa San Carlos<\/strong> no interceder\u00e1 bajo ning\u00fan concepto en dicho tr\u00e1mite.<\/p>\r\n<h1><br \/>8) ENTRENAMIENTOS:<\/h1>\r\n<p><br \/>La <strong>Secretaria de Prensa<\/strong> no tramita acreditaciones para los entrenamientos del plantel de f\u00fatbol profesional. Los periodistas que deseen presenciar dichas pr\u00e1cticas deben presentarse con su carnet profesional y credencial del medio para el cual trabajan y podr\u00e1n acceder al predio donde se desarrollen las mismas sin acreditaci\u00f3n previa, siempre y cuando sea permitido por el Cuerpo t\u00e9cnico o Comisi\u00f3n Directiva. Estar\u00e1 prohibido en todo momento el ingreso al campo de juego.<\/p>\r\n\r\n\r\n\r\n<p>Para cualquier consulta, podr\u00e1n contactarse con nosotros en nuestro correo:\u00a0prensa@villasancarlos.com.ar<\/p>\r\n\r\n\r\n\r\n<p><strong>DEPARTAMENTO DE PRENSA Y RR.PP<\/strong><br \/><strong>CLUB ATL\u00c9TICO VILLA SAN CARLOS.<\/strong><\/p>\r\n<p><a href=\"https:\/\/villasancarlos.club\/vsc\/wp-content\/uploads\/2025\/02\/reglamento-prensa-3-1.pdf\"><img loading=\"lazy\" decoding=\"async\" class=\"aligncenter wp-image-25669 size-full\" src=\"https:\/\/villasancarlos.club\/vsc\/wp-content\/uploads\/2025\/02\/DESCAGAR.jpg\" alt=\"\" width=\"300\" height=\"80\" \/><\/a><\/p>\r\n<p style=\"text-align: center;\">\u00a0<\/p>\r\n<p>&nbsp;<\/p>\r\n","protected":false},"excerpt":{"rendered":"<p>\u00a0 1) REGLAMENTO DE ACREDITACIONES: El Departamento de Prensa del Club Atl\u00e9tico Villa San Carlos otorga dos tipos de credenciales: 1- Las denominadas &#8220;Anuales&#8221;, son aquellas que cubren todo una temporada o campeonato oficial de AFA. 2- Las denominadas &#8220;Por partido&#8221; son aquellas que solo cubren un partido espec\u00edfico. 2) CONDICIONES PARA ACREDITARSE \/ ACLARACIONES [&#8230;]\n","protected":false},"author":1,"featured_media":0,"parent":55,"menu_order":0,"comment_status":"closed","ping_status":"closed","template":"","meta":{"footnotes":""},"class_list":["post-63","page","type-page","status-publish","hentry"],"_links":{"self":[{"href":"https:\/\/villasancarlos.club\/vsc\/wp-json\/wp\/v2\/pages\/63","targetHints":{"allow":["GET"]}}],"collection":[{"href":"https:\/\/villasancarlos.club\/vsc\/wp-json\/wp\/v2\/pages"}],"about":[{"href":"https:\/\/villasancarlos.club\/vsc\/wp-json\/wp\/v2\/types\/page"}],"author":[{"embeddable":true,"href":"https:\/\/villasancarlos.club\/vsc\/wp-json\/wp\/v2\/users\/1"}],"replies":[{"embeddable":true,"href":"https:\/\/villasancarlos.club\/vsc\/wp-json\/wp\/v2\/comments?post=63"}],"version-history":[{"count":12,"href":"https:\/\/villasancarlos.club\/vsc\/wp-json\/wp\/v2\/pages\/63\/revisions"}],"predecessor-version":[{"id":25671,"href":"https:\/\/villasancarlos.club\/vsc\/wp-json\/wp\/v2\/pages\/63\/revisions\/25671"}],"up":[{"embeddable":true,"href":"https:\/\/villasancarlos.club\/vsc\/wp-json\/wp\/v2\/pages\/55"}],"wp:attachment":[{"href":"https:\/\/villasancarlos.club\/vsc\/wp-json\/wp\/v2\/media?parent=63"}],"curies":[{"name":"wp","href":"https:\/\/api.w.org\/{rel}","templated":true}]}}