{"id":45,"date":"2015-12-15T01:09:54","date_gmt":"2015-12-15T01:09:54","guid":{"rendered":"http:\/\/villasancarlos.club\/vsc\/?page_id=45"},"modified":"2024-12-24T13:12:42","modified_gmt":"2024-12-24T16:12:42","slug":"karate","status":"publish","type":"page","link":"https:\/\/villasancarlos.club\/vsc\/actividades\/karate\/","title":{"rendered":"Karate-do"},"content":{"rendered":"\r\n\r\n\r\n<h1><span style=\"font-size: 85%;\">Esta actividad se desarrolla desde hace 30 a\u00f1os en el Club. Actualmente las clases son impartidas por el Sensey Claudio Go\u00f1i representado en sudam\u00e9rica por el Sensey Gustavo Tata y mundialmente por el Sensey Morio Higaonna, jefe mundial de I.O.G.K.F \u00a0(Federaci\u00f3n Internacional de Karate-do Goju-ryu de Okinawa).<\/span><\/h1>\r\n<p><img loading=\"lazy\" decoding=\"async\" class=\"aligncenter wp-image-24751 size-full\" src=\"https:\/\/villasancarlos.club\/vsc\/wp-content\/uploads\/2024\/11\/00a5e52e-20db-46f6-8e87-7238d96a3a1c-1024x462-1.jpg\" alt=\"\" width=\"1024\" height=\"462\" srcset=\"https:\/\/villasancarlos.club\/vsc\/wp-content\/uploads\/2024\/11\/00a5e52e-20db-46f6-8e87-7238d96a3a1c-1024x462-1.jpg 1024w, https:\/\/villasancarlos.club\/vsc\/wp-content\/uploads\/2024\/11\/00a5e52e-20db-46f6-8e87-7238d96a3a1c-1024x462-1-300x135.jpg 300w, https:\/\/villasancarlos.club\/vsc\/wp-content\/uploads\/2024\/11\/00a5e52e-20db-46f6-8e87-7238d96a3a1c-1024x462-1-600x271.jpg 600w, https:\/\/villasancarlos.club\/vsc\/wp-content\/uploads\/2024\/11\/00a5e52e-20db-46f6-8e87-7238d96a3a1c-1024x462-1-768x347.jpg 768w\" sizes=\"auto, (max-width: 1024px) 100vw, 1024px\" \/><\/p>\r\n<p><span style=\"font-size: 100%;\"><strong>El Karate es un arte milenario de defensa, no de agresi\u00f3n. Al practicante se lo prepara en cuerpo, mente y esp\u00edritu, lo cual fortalece en su desarrollo f\u00edsico y personal para afrontar las situaciones de la vida. Los significados de esta actividad son: Karate (Manos Vac\u00edas), Do (Camino).<\/strong><\/span><\/p>\r\n<p><strong>Los preceptos b\u00e1sicos del Karate- do son los siguientes:<\/strong><\/p>\r\n\r\n\r\n\r\n<p>*Respetar al pr\u00f3jimo<\/p>\r\n\r\n\r\n\r\n<p>*Entrenar mente y esp\u00edritu<\/p>\r\n\r\n\r\n\r\n<p>*Practicar diariamente<\/p>\r\n\r\n\r\n\r\n<p>*Nunca darse por vencido<\/p>\r\n<p>&nbsp;<\/p>\r\n\r\n\r\n\r\n\r\n\r\n<p><strong>PROFESOR:<\/strong> Claudio Go\u00f1i (3\u00b0 Dan)<\/p>\r\n\r\n\r\n\r\n<p><strong>D\u00cdAS Y HORARIOS DE ENTRENAMIENTO:\u00a0<\/strong><\/p>\r\n\r\n\r\n\r\n<p>Lunes, mi\u00e9rcoles y viernes: De 19:00hs a 20:30hs \/Sede Social del Club Atl\u00e9tico Villa San Carlos (AV. Montevideo y 25)<\/p>\r\n","protected":false},"excerpt":{"rendered":"<p>Esta actividad se desarrolla desde hace 30 a\u00f1os en el Club. Actualmente las clases son impartidas por el Sensey Claudio Go\u00f1i representado en sudam\u00e9rica por el Sensey Gustavo Tata y mundialmente por el Sensey Morio Higaonna, jefe mundial de I.O.G.K.F \u00a0(Federaci\u00f3n Internacional de Karate-do Goju-ryu de Okinawa). El Karate es un arte milenario de defensa, [&#8230;]\n","protected":false},"author":1,"featured_media":0,"parent":30,"menu_order":0,"comment_status":"closed","ping_status":"closed","template":"","meta":{"footnotes":""},"class_list":["post-45","page","type-page","status-publish","hentry"],"_links":{"self":[{"href":"https:\/\/villasancarlos.club\/vsc\/wp-json\/wp\/v2\/pages\/45","targetHints":{"allow":["GET"]}}],"collection":[{"href":"https:\/\/villasancarlos.club\/vsc\/wp-json\/wp\/v2\/pages"}],"about":[{"href":"https:\/\/villasancarlos.club\/vsc\/wp-json\/wp\/v2\/types\/page"}],"author":[{"embeddable":true,"href":"https:\/\/villasancarlos.club\/vsc\/wp-json\/wp\/v2\/users\/1"}],"replies":[{"embeddable":true,"href":"https:\/\/villasancarlos.club\/vsc\/wp-json\/wp\/v2\/comments?post=45"}],"version-history":[{"count":19,"href":"https:\/\/villasancarlos.club\/vsc\/wp-json\/wp\/v2\/pages\/45\/revisions"}],"predecessor-version":[{"id":25168,"href":"https:\/\/villasancarlos.club\/vsc\/wp-json\/wp\/v2\/pages\/45\/revisions\/25168"}],"up":[{"embeddable":true,"href":"https:\/\/villasancarlos.club\/vsc\/wp-json\/wp\/v2\/pages\/30"}],"wp:attachment":[{"href":"https:\/\/villasancarlos.club\/vsc\/wp-json\/wp\/v2\/media?parent=45"}],"curies":[{"name":"wp","href":"https:\/\/api.w.org\/{rel}","templated":true}]}}