{"id":40,"date":"2015-12-15T01:09:00","date_gmt":"2015-12-15T01:09:00","guid":{"rendered":"http:\/\/villasancarlos.club\/vsc\/?page_id=40"},"modified":"2024-12-30T10:37:10","modified_gmt":"2024-12-30T13:37:10","slug":"boxeo","status":"publish","type":"page","link":"https:\/\/villasancarlos.club\/vsc\/actividades\/boxeo\/","title":{"rendered":"Boxeo"},"content":{"rendered":"\r\n\r\n\r\n<h1><strong>Villa San Carlos box es dictada en el Club por Jos\u00e9 Ram\u00edrez , la misma se divide en boxeo para competencia y tambi\u00e9n solo para entrenamiento.<\/strong><\/h1>\r\n<p><img loading=\"lazy\" decoding=\"async\" class=\"aligncenter wp-image-25225 size-full\" src=\"https:\/\/villasancarlos.club\/vsc\/wp-content\/uploads\/2024\/12\/DSC0514-1024x683-1.jpg\" alt=\"\" width=\"1024\" height=\"683\" srcset=\"https:\/\/villasancarlos.club\/vsc\/wp-content\/uploads\/2024\/12\/DSC0514-1024x683-1.jpg 1024w, https:\/\/villasancarlos.club\/vsc\/wp-content\/uploads\/2024\/12\/DSC0514-1024x683-1-300x200.jpg 300w, https:\/\/villasancarlos.club\/vsc\/wp-content\/uploads\/2024\/12\/DSC0514-1024x683-1-600x400.jpg 600w, https:\/\/villasancarlos.club\/vsc\/wp-content\/uploads\/2024\/12\/DSC0514-1024x683-1-768x512.jpg 768w\" sizes=\"auto, (max-width: 1024px) 100vw, 1024px\" \/><\/p>\r\n\r\n\r\n\r\n<p><strong>PROFESORES:<\/strong> Jos\u00e9 Ram\u00edrez<\/p>\r\n\r\n\r\n\r\n<p><strong>D\u00cdAS Y HORARIOS DE ENTRENAMIENTO:<\/strong><\/p>\r\n\r\n\r\n\r\n<p><strong>Lunes, mi\u00e9rcoles y viernes:<\/strong> De 18:00hs a 20:00hs\u00a0\/Sede Social del Club Atl\u00e9tico Villa San Carlos (AV.Montevideo y 25)<\/p>\r\n","protected":false},"excerpt":{"rendered":"<p>Villa San Carlos box es dictada en el Club por Jos\u00e9 Ram\u00edrez , la misma se divide en boxeo para competencia y tambi\u00e9n solo para entrenamiento. PROFESORES: Jos\u00e9 Ram\u00edrez D\u00cdAS Y HORARIOS DE ENTRENAMIENTO: Lunes, mi\u00e9rcoles y viernes: De 18:00hs a 20:00hs\u00a0\/Sede Social del Club Atl\u00e9tico Villa San Carlos (AV.Montevideo y 25)<\/p>\n","protected":false},"author":1,"featured_media":0,"parent":30,"menu_order":0,"comment_status":"closed","ping_status":"closed","template":"","meta":{"footnotes":""},"class_list":["post-40","page","type-page","status-publish","hentry"],"_links":{"self":[{"href":"https:\/\/villasancarlos.club\/vsc\/wp-json\/wp\/v2\/pages\/40","targetHints":{"allow":["GET"]}}],"collection":[{"href":"https:\/\/villasancarlos.club\/vsc\/wp-json\/wp\/v2\/pages"}],"about":[{"href":"https:\/\/villasancarlos.club\/vsc\/wp-json\/wp\/v2\/types\/page"}],"author":[{"embeddable":true,"href":"https:\/\/villasancarlos.club\/vsc\/wp-json\/wp\/v2\/users\/1"}],"replies":[{"embeddable":true,"href":"https:\/\/villasancarlos.club\/vsc\/wp-json\/wp\/v2\/comments?post=40"}],"version-history":[{"count":11,"href":"https:\/\/villasancarlos.club\/vsc\/wp-json\/wp\/v2\/pages\/40\/revisions"}],"predecessor-version":[{"id":25226,"href":"https:\/\/villasancarlos.club\/vsc\/wp-json\/wp\/v2\/pages\/40\/revisions\/25226"}],"up":[{"embeddable":true,"href":"https:\/\/villasancarlos.club\/vsc\/wp-json\/wp\/v2\/pages\/30"}],"wp:attachment":[{"href":"https:\/\/villasancarlos.club\/vsc\/wp-json\/wp\/v2\/media?parent=40"}],"curies":[{"name":"wp","href":"https:\/\/api.w.org\/{rel}","templated":true}]}}