{"id":14,"date":"2015-12-15T00:59:30","date_gmt":"2015-12-15T00:59:30","guid":{"rendered":"http:\/\/villasancarlos.club\/vsc\/?page_id=14"},"modified":"2024-12-24T01:08:04","modified_gmt":"2024-12-24T04:08:04","slug":"titulos","status":"publish","type":"page","link":"https:\/\/villasancarlos.club\/vsc\/el-club\/titulos\/","title":{"rendered":"T\u00edtulos"},"content":{"rendered":"\r\n<h1 style=\"text-align: center;\"><span style=\"color: #00aae7; font-size: 170%;\">T\u00cdTULOS OFICIALES DEL CLUB<\/span><\/h1>\r\n<h2><strong>El Club Atl\u00e9tico Villa San Carlos cuenta con cuatro estrellas de t\u00edtulos oficiales en las que se proclam\u00f3 campe\u00f3n en torneos de AFA. Dos veces se coron\u00f3 en Primera D, una en Primera C y B Metropolitana respectivamente.<\/strong><\/h2>\r\n\r\n\r\n\r\n<div class=\"wp-block-image\">\r\n<figure class=\"aligncenter\"><img loading=\"lazy\" decoding=\"async\" class=\"wp-image-87 alignright\" src=\"https:\/\/villasancarlos.club\/vsc\/wp-content\/uploads\/2015\/12\/ascensos.jpg\" alt=\"ascensos\" width=\"933\" height=\"543\" srcset=\"https:\/\/villasancarlos.club\/vsc\/wp-content\/uploads\/2015\/12\/ascensos.jpg 773w, https:\/\/villasancarlos.club\/vsc\/wp-content\/uploads\/2015\/12\/ascensos-300x175.jpg 300w, https:\/\/villasancarlos.club\/vsc\/wp-content\/uploads\/2015\/12\/ascensos-600x349.jpg 600w, https:\/\/villasancarlos.club\/vsc\/wp-content\/uploads\/2015\/12\/ascensos-768x447.jpg 768w\" sizes=\"auto, (max-width: 933px) 100vw, 933px\" \/><\/figure>\r\n<\/div>\r\n\r\n\r\n\r\n<p>Su primer consagraci\u00f3n fue en la temporada 1992\/93 de la mano de <strong>Daniel Marchioni<\/strong> como entrenador. El conjunto de Berisso realiz\u00f3 una brillante campa\u00f1a en la Primera D , igualando en 42 unidades con Acassuso, por lo que hubo que jugarse un partido desempate para conocer al campe\u00f3n.<\/p>\r\n\r\n\r\n\r\n<p>El encuentro se llev\u00f3 a cabo en la vieja cancha de Independiente, un s\u00e1bado 10 de abril de 1993. Los hinchas villeros se hicieron presentes para apoyar al \u201cCele\u201d en lo que podr\u00eda ser su primer t\u00edtulo oficial, el encuentro termin\u00f3 1 a 1 en el transcurso de los 90 minutos, H\u00e9ctor Moreno adelant\u00f3 a los de Boulogne pero luego llegar\u00eda la igualdad de<strong> Gabriel Bord\u00f3n<\/strong> de cabeza para llevar el partido al tiempo suplementario, all\u00ed <strong>Marcelo Govoni<\/strong> marc\u00f3 el gol m\u00e1s importante de su vida para darle a Villa San Carlos su primer t\u00edtulo y estampar el 2 a 1 definitivo. Una fiesta de Avellaneda hasta Berisso fue la vuelta para aquel equipo y los hinchas que se acercaron y pudieron verlo campe\u00f3n.<\/p>\r\n\r\n\r\n\r\n<p>En el a\u00f1o 2000 y con <strong>Juli\u00e1n Camino<\/strong> como entrenador Villa San Carlos se adjudica el Torneo Apertura de la Primera D, al derrotar en la ante\u00faltima fecha del torneo 2 a 0 a F\u00e9nix con goles de <strong>Leandro Martini<\/strong> y <strong>Rodrigo Rinaudo<\/strong>, logrando el boleto al cuadrangular para el ascenso al siguiente a\u00f1o, el cual perder\u00eda ante Acassuso. En la semifinal tras empatar en La Plata sin goles ante Central Ballester consigue el pase a la final por tener ventaja deportiva, ya en el partido de ida ante Acassuso la \u201cVilla\u201d ganar\u00eda 1 a 0 con gol de<strong> Lucas Fern\u00e1ndez<\/strong>, el segundo t\u00edtulo para el club se encaminaba pero en el encuentro de vuelta que se disput\u00f3 en cancha de Estudiantes de La Plata ser\u00eda triunfo de Acassuso por 5 a 3 en un verdadero partidazo, aunque no alcanz\u00f3 y San Carlos se qued\u00f3 en la puerta de otra nueva estrella, los goles para el villero fueron obra de Lucas Fern\u00e1ndez, Diego Luise y Sebasti\u00e1n &#8220;bolita&#8221; S\u00e1nchez.<\/p>\r\n\r\n\r\n\r\n<p>Pero el f\u00fatbol da revancha y con Villa San Carlos no ser\u00eda la excepci\u00f3n ya que en 2001 consigue nuevamente el Torneo Apertura con <strong>Juli\u00e1n Camino<\/strong> otra vez en el banco de suplentes, all\u00ed vence a Sportivo Barracas por 3 a 2 en Berisso a una fecha del cierre del torneo con goles de<strong> Guillermo \u201cTita\u201d Franco<\/strong> y un doblete de <strong>Rodrigo Rinaudo<\/strong>, nuevamente ganaba el pasaje a el Torneo cuadrangular. Ya sin Camino como DT por su alejamiento luego de la consagraci\u00f3n del Apertura y con <strong>Carlos Gorostieta<\/strong> al mando del equipo, don \u201cGoro\u201d que era el ayudante de campo se hac\u00eda cargo del plantel en la recta final.<\/p>\r\n<p>Est\u00e1 vez en semifinales se enfrent\u00f3 a Defensores Unidos de Zarate y el partido termin\u00f3 1 a 1 , el gol villero fue obra de <strong>Gast\u00f3n \u201cChoco\u201d Villalba<\/strong>, por ventaja deportiva Villa San Carlos volver\u00eda a acceder a la final, en ella se enfrent\u00f3 ante Sacachispas que ven\u00eda como campe\u00f3n del Torneo Clausura, en el partido de ida fue victoria del villero 1 a 0 con gol nuevamente de Villalba en el encuentro desarrollado en Parque Avellaneda . La vuelta fue en la vieja cancha de Estudiantes de La Plata donde el partido termin\u00f3 igualado sin goles. La \u201cVilla\u201d volv\u00eda a coronarse campe\u00f3n en AFA y as\u00ed sumaba su segunda estrella oficial.<\/p>\r\n\r\n\r\n\r\n<p>Ya en Primera C, Villa San Carlos pas\u00f3 unos a\u00f1os luch\u00e1ndola para permanecer en la categor\u00eda, ganando una promoci\u00f3n ante Leandro N. Alem en 2006 inclusive. Trabajando para que el club no vuelva a perder la categor\u00eda se fue consolidando un grupo que dejar\u00eda el alma en la cancha para entrar en la historia grande del club.<\/p>\r\n\r\n\r\n\r\n<p>El fruto lleg\u00f3 en 2009 y a la \u201cVilla \u201c se le dio lo que a parec\u00eda imposible, ser campe\u00f3n y adem\u00e1s de eso ante el eterno rival, Defensores de Cambaceres, un 18 de mayo en un partido que terminar\u00eda igualado 1 a 1 en cancha de Gimnasia y Esgrima de La Plata a dos fechas del cierre del torneo. <strong>Rodrigo Salinas<\/strong> convirti\u00f3 el gol para los de Berisso y desataba la alegr\u00eda de los 14.000 berissenses que coparon el \u201cBosque\u201d aquella tarde, pero el \u201cRojo\u201d de Ensenada igualar\u00eda con gol de Miguel L\u00f3pez. Poco importar\u00eda ya que con el punto a San Carlos le bastaba para ser campe\u00f3n y as\u00ed fue, el club se adjudicaba su tercer t\u00edtulo en su historia.<\/p>\r\n\r\n\r\n\r\n<p>Mientras que en 2013 fue el certamen m\u00e1s importante en la vida de Villa San Carlos, si bien coronarse ante su cl\u00e1sico rival era demasiado, el tiempo le dar\u00eda una nueva alegr\u00eda a los villeros, con el club militando en la Primera B Metropolitana se logr\u00f3 salir campe\u00f3n un 25 de mayo (D\u00eda de la inauguraci\u00f3n del estadio Genacio S\u00e1lice) de la mano de <strong>Ricardo Rezza<\/strong> y as\u00ed lograr el ascenso hist\u00f3rico a la B Nacional por primera vez en su historia, ese d\u00eda fue triunfo 1 a 0 ante Barracas Central por la \u00faltima fecha del certamen con gol de <strong>Mart\u00edn Troncoso<\/strong>, no solo fue un campeonato especial, sino que tambi\u00e9n fue el primero conseguido en su propia casa. As\u00ed fue la cuarta estrella obtenida por la instituci\u00f3n.<\/p>\r\n\r\n\r\n\r\n<h1 style=\"text-align: center;\"><span style=\"color: #00aae7; font-size: 115%;\"><strong>EQUIPOS CAMPEONES:<\/strong><\/span><\/h1>\r\n<figure id=\"attachment_25042\" aria-describedby=\"caption-attachment-25042\" style=\"width: 1024px\" class=\"wp-caption aligncenter\"><img loading=\"lazy\" decoding=\"async\" class=\"wp-image-25042 size-full\" src=\"https:\/\/villasancarlos.club\/vsc\/wp-content\/uploads\/2024\/12\/1993.jpg\" alt=\"\" width=\"1024\" height=\"549\" srcset=\"https:\/\/villasancarlos.club\/vsc\/wp-content\/uploads\/2024\/12\/1993.jpg 1024w, https:\/\/villasancarlos.club\/vsc\/wp-content\/uploads\/2024\/12\/1993-600x322.jpg 600w, https:\/\/villasancarlos.club\/vsc\/wp-content\/uploads\/2024\/12\/1993-768x412.jpg 768w\" sizes=\"auto, (max-width: 1024px) 100vw, 1024px\" \/><figcaption id=\"caption-attachment-25042\" class=\"wp-caption-text\"><strong>Campe\u00f3n Primera D 1992\/1993<\/strong><\/figcaption><\/figure>\r\n\r\n\r\n\r\n<div class=\"wp-block-image wp-image-13013 size-full\">\r\n<figure class=\"aligncenter\">\r\n<figcaption>\r\n<figure id=\"attachment_25073\" aria-describedby=\"caption-attachment-25073\" style=\"width: 1024px\" class=\"wp-caption aligncenter\"><img loading=\"lazy\" decoding=\"async\" class=\"wp-image-25073 size-full\" src=\"https:\/\/villasancarlos.club\/vsc\/wp-content\/uploads\/2024\/12\/final-2002.jpg\" alt=\"\" width=\"1024\" height=\"686\" srcset=\"https:\/\/villasancarlos.club\/vsc\/wp-content\/uploads\/2024\/12\/final-2002.jpg 1024w, https:\/\/villasancarlos.club\/vsc\/wp-content\/uploads\/2024\/12\/final-2002-600x402.jpg 600w, https:\/\/villasancarlos.club\/vsc\/wp-content\/uploads\/2024\/12\/final-2002-768x515.jpg 768w\" sizes=\"auto, (max-width: 1024px) 100vw, 1024px\" \/><figcaption id=\"caption-attachment-25073\" class=\"wp-caption-text\"><strong>Campe\u00f3n Primera D 2002.<\/strong><\/figcaption><\/figure>\r\n<strong><strong><br \/><\/strong><\/strong>\r\n<figure id=\"attachment_25072\" aria-describedby=\"caption-attachment-25072\" style=\"width: 1024px\" class=\"wp-caption aligncenter\"><img loading=\"lazy\" decoding=\"async\" class=\"wp-image-25072 size-full\" src=\"https:\/\/villasancarlos.club\/vsc\/wp-content\/uploads\/2024\/12\/2009-campeon.jpg\" alt=\"\" width=\"1024\" height=\"667\" srcset=\"https:\/\/villasancarlos.club\/vsc\/wp-content\/uploads\/2024\/12\/2009-campeon.jpg 1024w, https:\/\/villasancarlos.club\/vsc\/wp-content\/uploads\/2024\/12\/2009-campeon-600x391.jpg 600w, https:\/\/villasancarlos.club\/vsc\/wp-content\/uploads\/2024\/12\/2009-campeon-768x500.jpg 768w\" sizes=\"auto, (max-width: 1024px) 100vw, 1024px\" \/><figcaption id=\"caption-attachment-25072\" class=\"wp-caption-text\"><strong>Campe\u00f3n Primera C 2008\/2009.<\/strong><\/figcaption><\/figure>\r\n<\/figcaption>\r\n<\/figure>\r\n<\/div>\r\n<div class=\"wp-block-image wp-image-13015 size-full\">\r\n<figure class=\"aligncenter\">\r\n<figure id=\"attachment_25128\" aria-describedby=\"caption-attachment-25128\" style=\"width: 1024px\" class=\"wp-caption aligncenter\"><img loading=\"lazy\" decoding=\"async\" class=\"wp-image-25128 size-full\" src=\"https:\/\/villasancarlos.club\/vsc\/wp-content\/uploads\/2024\/12\/vsc-campeon-2013.jpg\" alt=\"\" width=\"1024\" height=\"554\" srcset=\"https:\/\/villasancarlos.club\/vsc\/wp-content\/uploads\/2024\/12\/vsc-campeon-2013.jpg 1024w, https:\/\/villasancarlos.club\/vsc\/wp-content\/uploads\/2024\/12\/vsc-campeon-2013-600x325.jpg 600w, https:\/\/villasancarlos.club\/vsc\/wp-content\/uploads\/2024\/12\/vsc-campeon-2013-768x416.jpg 768w\" sizes=\"auto, (max-width: 1024px) 100vw, 1024px\" \/><figcaption id=\"caption-attachment-25128\" class=\"wp-caption-text\"><strong>Campe\u00f3n Primera B 2012\/2013.<\/strong><\/figcaption><\/figure>\r\n<\/figure>\r\n<\/div>\r\n","protected":false},"excerpt":{"rendered":"<p>T\u00cdTULOS OFICIALES DEL CLUB El Club Atl\u00e9tico Villa San Carlos cuenta con cuatro estrellas de t\u00edtulos oficiales en las que se proclam\u00f3 campe\u00f3n en torneos de AFA. Dos veces se coron\u00f3 en Primera D, una en Primera C y B Metropolitana respectivamente. Su primer consagraci\u00f3n fue en la temporada 1992\/93 de la mano de Daniel [&#8230;]\n","protected":false},"author":1,"featured_media":0,"parent":4,"menu_order":0,"comment_status":"closed","ping_status":"closed","template":"","meta":{"footnotes":""},"class_list":["post-14","page","type-page","status-publish","hentry"],"_links":{"self":[{"href":"https:\/\/villasancarlos.club\/vsc\/wp-json\/wp\/v2\/pages\/14","targetHints":{"allow":["GET"]}}],"collection":[{"href":"https:\/\/villasancarlos.club\/vsc\/wp-json\/wp\/v2\/pages"}],"about":[{"href":"https:\/\/villasancarlos.club\/vsc\/wp-json\/wp\/v2\/types\/page"}],"author":[{"embeddable":true,"href":"https:\/\/villasancarlos.club\/vsc\/wp-json\/wp\/v2\/users\/1"}],"replies":[{"embeddable":true,"href":"https:\/\/villasancarlos.club\/vsc\/wp-json\/wp\/v2\/comments?post=14"}],"version-history":[{"count":18,"href":"https:\/\/villasancarlos.club\/vsc\/wp-json\/wp\/v2\/pages\/14\/revisions"}],"predecessor-version":[{"id":25142,"href":"https:\/\/villasancarlos.club\/vsc\/wp-json\/wp\/v2\/pages\/14\/revisions\/25142"}],"up":[{"embeddable":true,"href":"https:\/\/villasancarlos.club\/vsc\/wp-json\/wp\/v2\/pages\/4"}],"wp:attachment":[{"href":"https:\/\/villasancarlos.club\/vsc\/wp-json\/wp\/v2\/media?parent=14"}],"curies":[{"name":"wp","href":"https:\/\/api.w.org\/{rel}","templated":true}]}}