{"id":12188,"date":"2019-07-04T02:53:24","date_gmt":"2019-07-04T02:53:24","guid":{"rendered":"http:\/\/villasancarlos.club\/vsc\/?page_id=12188"},"modified":"2025-02-27T12:26:11","modified_gmt":"2025-02-27T15:26:11","slug":"identidad","status":"publish","type":"page","link":"https:\/\/villasancarlos.club\/vsc\/el-club\/identidad\/","title":{"rendered":"Identidad"},"content":{"rendered":"<h1><strong>Los escudos que ha utilizado Villa San Carlos a lo largo de sus a\u00f1os, entre ellos algunos escudos oficiales del Club, y otros fueron dise\u00f1ados por las firmas que vest\u00edan al primer equipo.<\/strong><\/h1>\n<p><img loading=\"lazy\" decoding=\"async\" class=\"aligncenter size-full wp-image-13001\" src=\"https:\/\/villasancarlos.club\/vsc\/wp-content\/uploads\/2019\/10\/escudos-villeros.jpg\" alt=\"\" width=\"720\" height=\"210\" srcset=\"https:\/\/villasancarlos.club\/vsc\/wp-content\/uploads\/2019\/10\/escudos-villeros.jpg 720w, https:\/\/villasancarlos.club\/vsc\/wp-content\/uploads\/2019\/10\/escudos-villeros-300x88.jpg 300w, https:\/\/villasancarlos.club\/vsc\/wp-content\/uploads\/2019\/10\/escudos-villeros-600x175.jpg 600w\" sizes=\"auto, (max-width: 720px) 100vw, 720px\" \/><\/p>\n<p>&nbsp;<\/p>\n<h1 style=\"text-align: center;\"><span style=\"font-size: 100%; color: #00aae7;\"><strong>ESCUDO INSTITUCIONAL<\/strong><\/span><\/h1>\n<h1><strong>El escudo actual de Villa San Carlos, fue redise\u00f1ado en 2016, al mismo se le agregaron las cuatro estrellas pertenecientes a los campeonatos obtenidos por el club; Primera D (1993), Primera D (2002), Primera C (2009) y Primera B (2013), adem\u00e1s se decidi\u00f3 usar una tonalidad de celeste mas fuerte del habitual.\u00a0<\/strong><\/h1>\n<p>El c\u00edrculo representa el nombre de la instituci\u00f3n en la parte superior, mientras que abajo se muestra el nombre de la Ciudad de Berisso. En el centro del escudo se puede observar las siglas C.A.V.S.C. , haciendo referencia a las iniciales Club Atl\u00e9tico Villa San Carlos.<\/p>\n<p><img loading=\"lazy\" decoding=\"async\" class=\"aligncenter wp-image-13000 size-medium\" src=\"https:\/\/villasancarlos.club\/vsc\/wp-content\/uploads\/2019\/10\/ESCUDO-VSC-RGB-269x300.png\" alt=\"\" width=\"269\" height=\"300\" srcset=\"https:\/\/villasancarlos.club\/vsc\/wp-content\/uploads\/2019\/10\/ESCUDO-VSC-RGB-269x300.png 269w, https:\/\/villasancarlos.club\/vsc\/wp-content\/uploads\/2019\/10\/ESCUDO-VSC-RGB-300x334.png 300w, https:\/\/villasancarlos.club\/vsc\/wp-content\/uploads\/2019\/10\/ESCUDO-VSC-RGB-600x669.png 600w, https:\/\/villasancarlos.club\/vsc\/wp-content\/uploads\/2019\/10\/ESCUDO-VSC-RGB.png 753w\" sizes=\"auto, (max-width: 269px) 100vw, 269px\" \/><\/p>\n<p>&nbsp;<\/p>\n<h1 style=\"text-align: center;\"><span style=\"font-size: 100%; color: #00aae7;\"><strong>ESCUDO ACTUAL<\/strong><\/span><\/h1>\n<h1><strong>En la actualidad, en el marco del centenario villero, desde el Club se implement\u00f3 la utilizaci\u00f3n de uno de los escudos retro de la instituci\u00f3n, adaptados a los tiempos actuales.<\/strong><\/h1>\n<p>Se modificaron detalles del escudo como la banda blanca que cruza el mismo, el cual fue creado en sentido inverso, aunque hoy ha cambiado. Por su parte, la fuente utilizada para las siglas C.A.V.S.C es de \u00e9poca, manteni\u00e9ndose para darle el enfoque retro. El color utilizado es un celeste m\u00e1s fuerte.<\/p>\n<p><img loading=\"lazy\" decoding=\"async\" class=\"aligncenter wp-image-25650\" src=\"https:\/\/villasancarlos.club\/vsc\/wp-content\/uploads\/2025\/02\/villasancarlos-576x720.png\" alt=\"\" width=\"243\" height=\"304\" srcset=\"https:\/\/villasancarlos.club\/vsc\/wp-content\/uploads\/2025\/02\/villasancarlos-576x720.png 576w, https:\/\/villasancarlos.club\/vsc\/wp-content\/uploads\/2025\/02\/villasancarlos-300x375.png 300w, https:\/\/villasancarlos.club\/vsc\/wp-content\/uploads\/2025\/02\/villasancarlos-600x750.png 600w, https:\/\/villasancarlos.club\/vsc\/wp-content\/uploads\/2025\/02\/villasancarlos-720x900.png 720w, https:\/\/villasancarlos.club\/vsc\/wp-content\/uploads\/2025\/02\/villasancarlos-768x960.png 768w, https:\/\/villasancarlos.club\/vsc\/wp-content\/uploads\/2025\/02\/villasancarlos.png 1124w\" sizes=\"auto, (max-width: 243px) 100vw, 243px\" \/><\/p>\n<p>&nbsp;<\/p>\n<h1 style=\"text-align: center;\"><span style=\"font-size: 100%; color: #00aae7;\"><strong>ESCUDO CENTENARIO<\/strong><\/span><\/h1>\n<h1><strong>El emblema elegido para los 100 a\u00f1os es un escudo que fusiona el pasado y el presente, usando la fuente caracter\u00edstica del primer emblema junto a la actual. Adem\u00e1s se utilizaron cenefas para ilustrar los barrios berissenses. Por \u00faltimo un barrilete acompa\u00f1a al escudo, haciendo alusi\u00f3n al primer nombre del club &#8220;Avanti Barrilete&#8221;.<\/strong><\/h1>\n<p><img loading=\"lazy\" decoding=\"async\" class=\"wp-image-25450 aligncenter\" src=\"https:\/\/villasancarlos.club\/vsc\/wp-content\/uploads\/2024\/11\/centenario-755x720.png\" alt=\"\" width=\"267\" height=\"255\" srcset=\"https:\/\/villasancarlos.club\/vsc\/wp-content\/uploads\/2024\/11\/centenario-755x720.png 755w, https:\/\/villasancarlos.club\/vsc\/wp-content\/uploads\/2024\/11\/centenario-300x286.png 300w, https:\/\/villasancarlos.club\/vsc\/wp-content\/uploads\/2024\/11\/centenario-600x572.png 600w, https:\/\/villasancarlos.club\/vsc\/wp-content\/uploads\/2024\/11\/centenario-768x733.png 768w, https:\/\/villasancarlos.club\/vsc\/wp-content\/uploads\/2024\/11\/centenario.png 868w\" sizes=\"auto, (max-width: 267px) 100vw, 267px\" \/><\/p>\n<p>&nbsp;<\/p>\n<h1 style=\"text-align: center;\"><span style=\"font-size: 100%; color: #00aae7;\"><strong>CAMISETA DE JUEGO<\/strong><\/span><\/h1>\n<p><img loading=\"lazy\" decoding=\"async\" class=\"wp-image-25339 aligncenter\" src=\"https:\/\/villasancarlos.club\/vsc\/wp-content\/uploads\/2025\/01\/2022-24_frente-720x720.png\" alt=\"\" width=\"320\" height=\"320\" srcset=\"https:\/\/villasancarlos.club\/vsc\/wp-content\/uploads\/2025\/01\/2022-24_frente-720x720.png 720w, https:\/\/villasancarlos.club\/vsc\/wp-content\/uploads\/2025\/01\/2022-24_frente-300x300.png 300w, https:\/\/villasancarlos.club\/vsc\/wp-content\/uploads\/2025\/01\/2022-24_frente-100x100.png 100w, https:\/\/villasancarlos.club\/vsc\/wp-content\/uploads\/2025\/01\/2022-24_frente-600x600.png 600w, https:\/\/villasancarlos.club\/vsc\/wp-content\/uploads\/2025\/01\/2022-24_frente-900x900.png 900w, https:\/\/villasancarlos.club\/vsc\/wp-content\/uploads\/2025\/01\/2022-24_frente-768x768.png 768w, https:\/\/villasancarlos.club\/vsc\/wp-content\/uploads\/2025\/01\/2022-24_frente-1536x1536.png 1536w, https:\/\/villasancarlos.club\/vsc\/wp-content\/uploads\/2025\/01\/2022-24_frente-2048x2048.png 2048w\" sizes=\"auto, (max-width: 320px) 100vw, 320px\" \/><img loading=\"lazy\" decoding=\"async\" class=\"wp-image-25340 aligncenter\" src=\"https:\/\/villasancarlos.club\/vsc\/wp-content\/uploads\/2025\/01\/2022-24_dorso-720x720.png\" alt=\"\" width=\"320\" height=\"320\" srcset=\"https:\/\/villasancarlos.club\/vsc\/wp-content\/uploads\/2025\/01\/2022-24_dorso-720x720.png 720w, https:\/\/villasancarlos.club\/vsc\/wp-content\/uploads\/2025\/01\/2022-24_dorso-300x300.png 300w, https:\/\/villasancarlos.club\/vsc\/wp-content\/uploads\/2025\/01\/2022-24_dorso-100x100.png 100w, https:\/\/villasancarlos.club\/vsc\/wp-content\/uploads\/2025\/01\/2022-24_dorso-600x600.png 600w, https:\/\/villasancarlos.club\/vsc\/wp-content\/uploads\/2025\/01\/2022-24_dorso-900x900.png 900w, https:\/\/villasancarlos.club\/vsc\/wp-content\/uploads\/2025\/01\/2022-24_dorso-768x768.png 768w, https:\/\/villasancarlos.club\/vsc\/wp-content\/uploads\/2025\/01\/2022-24_dorso-1536x1536.png 1536w, https:\/\/villasancarlos.club\/vsc\/wp-content\/uploads\/2025\/01\/2022-24_dorso-2048x2048.png 2048w\" sizes=\"auto, (max-width: 320px) 100vw, 320px\" \/><\/p>\n<p>&nbsp;<\/p>\n","protected":false},"excerpt":{"rendered":"<p>Los escudos que ha utilizado Villa San Carlos a lo largo de sus a\u00f1os, entre ellos algunos escudos oficiales del Club, y otros fueron dise\u00f1ados por las firmas que vest\u00edan al primer equipo. &nbsp; ESCUDO INSTITUCIONAL El escudo actual de Villa San Carlos, fue redise\u00f1ado en 2016, al mismo se le agregaron las cuatro estrellas [&#8230;]\n","protected":false},"author":1,"featured_media":0,"parent":4,"menu_order":6,"comment_status":"closed","ping_status":"closed","template":"","meta":{"footnotes":""},"class_list":["post-12188","page","type-page","status-publish","hentry"],"_links":{"self":[{"href":"https:\/\/villasancarlos.club\/vsc\/wp-json\/wp\/v2\/pages\/12188","targetHints":{"allow":["GET"]}}],"collection":[{"href":"https:\/\/villasancarlos.club\/vsc\/wp-json\/wp\/v2\/pages"}],"about":[{"href":"https:\/\/villasancarlos.club\/vsc\/wp-json\/wp\/v2\/types\/page"}],"author":[{"embeddable":true,"href":"https:\/\/villasancarlos.club\/vsc\/wp-json\/wp\/v2\/users\/1"}],"replies":[{"embeddable":true,"href":"https:\/\/villasancarlos.club\/vsc\/wp-json\/wp\/v2\/comments?post=12188"}],"version-history":[{"count":18,"href":"https:\/\/villasancarlos.club\/vsc\/wp-json\/wp\/v2\/pages\/12188\/revisions"}],"predecessor-version":[{"id":25652,"href":"https:\/\/villasancarlos.club\/vsc\/wp-json\/wp\/v2\/pages\/12188\/revisions\/25652"}],"up":[{"embeddable":true,"href":"https:\/\/villasancarlos.club\/vsc\/wp-json\/wp\/v2\/pages\/4"}],"wp:attachment":[{"href":"https:\/\/villasancarlos.club\/vsc\/wp-json\/wp\/v2\/media?parent=12188"}],"curies":[{"name":"wp","href":"https:\/\/api.w.org\/{rel}","templated":true}]}}