{"id":12,"date":"2015-12-15T00:59:01","date_gmt":"2015-12-15T00:59:01","guid":{"rendered":"http:\/\/villasancarlos.club\/vsc\/?page_id=12"},"modified":"2025-06-03T03:42:58","modified_gmt":"2025-06-03T06:42:58","slug":"comision-directiva","status":"publish","type":"page","link":"https:\/\/villasancarlos.club\/vsc\/el-club\/comision-directiva\/","title":{"rendered":"Comisi\u00f3n Directiva"},"content":{"rendered":"<h1 style=\"text-align: center;\"><span style=\"font-size: 85%;\"><strong>Comisi\u00f3n Directiva Club Atl\u00e9tico Villa San Carlos &#8211; Per\u00edodo 2024\/2027<\/strong><\/span><\/h1>\n<figure id=\"attachment_24705\" aria-describedby=\"caption-attachment-24705\" style=\"width: 1024px\" class=\"wp-caption aligncenter\"><img loading=\"lazy\" decoding=\"async\" class=\"wp-image-24705 size-full\" src=\"https:\/\/villasancarlos.club\/vsc\/wp-content\/uploads\/2024\/11\/DSC0094.jpg\" alt=\"\" width=\"1024\" height=\"680\" srcset=\"https:\/\/villasancarlos.club\/vsc\/wp-content\/uploads\/2024\/11\/DSC0094.jpg 1024w, https:\/\/villasancarlos.club\/vsc\/wp-content\/uploads\/2024\/11\/DSC0094-300x199.jpg 300w, https:\/\/villasancarlos.club\/vsc\/wp-content\/uploads\/2024\/11\/DSC0094-600x398.jpg 600w, https:\/\/villasancarlos.club\/vsc\/wp-content\/uploads\/2024\/11\/DSC0094-768x510.jpg 768w\" sizes=\"auto, (max-width: 1024px) 100vw, 1024px\" \/><figcaption id=\"caption-attachment-24705\" class=\"wp-caption-text\">Juan Manuel C\u00f3rdoba (Presidente)<\/figcaption><\/figure>\n<p>&nbsp;<\/p>\n<table width=\"865\">\n<thead>\n<tr>\n<td><strong>NOMBRE<\/strong><\/td>\n<td><strong>APELLIDO<\/strong><\/td>\n<td><strong>CARGO<\/strong><\/td>\n<\/tr>\n<\/thead>\n<tbody>\n<tr>\n<td>JUAN MANUEL<\/td>\n<td>C\u00d3RDOBA<\/td>\n<td>PRESIDENTE<\/td>\n<\/tr>\n<tr>\n<td>EDUARDO<\/td>\n<td>VALENTE<\/td>\n<td>VICEPRESIDENTE 1<\/td>\n<\/tr>\n<tr>\n<td>CECILIA<\/td>\n<td>BADINO<\/td>\n<td>VICEPRESIDENTE 2<\/td>\n<\/tr>\n<tr>\n<td>WALTER<\/td>\n<td>ESPECHE<\/td>\n<td>VICEPRESIDENTE 3<\/td>\n<\/tr>\n<tr>\n<td>RAMIRO<\/td>\n<td>CRILCHUK<\/td>\n<td>SECRETARIO GENERAL<\/td>\n<\/tr>\n<tr>\n<td>FEDERICO<\/td>\n<td>RU\u00cdZ<\/td>\n<td>PRO-SECRETARIO<\/td>\n<\/tr>\n<tr>\n<td>MARIANO<\/td>\n<td>HOLUBYEZ<\/td>\n<td>SECRETARIO DE FINANZAS<\/td>\n<\/tr>\n<tr>\n<td>EDGARDO<\/td>\n<td>CRILCHUK<\/td>\n<td>PRO-SECRETARIO DE FINANZAS<\/td>\n<\/tr>\n<tr>\n<td>FERNANDO<\/td>\n<td>FAR\u00cdAS<\/td>\n<td>SECRETARIO DE ADMINISTRACI\u00d3N Y PERSONAL<\/td>\n<\/tr>\n<tr>\n<td>SANTIAGO<\/td>\n<td>PAR\u00cdS<\/td>\n<td>SECRETARIO DE F\u00daTBOL<\/td>\n<\/tr>\n<tr>\n<td>LUCAS<\/td>\n<td>MARCH\u00c1N<\/td>\n<td>PRO-SECRETARIO DE F\u00daTBOL<\/td>\n<\/tr>\n<tr>\n<td>ALAN<\/td>\n<td>MOLINA<\/td>\n<td>SECRETARIO DE CULTURA, PRENSA Y RRPP<\/td>\n<\/tr>\n<tr>\n<td>DAR\u00cdO<\/td>\n<td>GONZ\u00c1LEZ<\/td>\n<td>PRO-SECRETARIO DE CULTURA, PRENSA Y RRPP<\/td>\n<\/tr>\n<tr>\n<td>EZEQUIEL<\/td>\n<td>BRIZZI<\/td>\n<td>SECRETARIO <a href=\"https:\/\/topiks.com.ua\/\">topiks<\/a> DE OBRAS Y MANTENIMIENTO<\/td>\n<\/tr>\n<tr>\n<td>PABLO<\/td>\n<td>\u00c1LVAREZ<\/td>\n<td>SECRETARIO DE DEPORTES<\/td>\n<\/tr>\n<tr>\n<td>YANINA<\/td>\n<td>HOURCADE<\/td>\n<td>PRO-SECRETARIA DE DEPORTES<\/td>\n<\/tr>\n<tr>\n<td>MAURICIO<\/td>\n<td>PAR\u00cdS<\/td>\n<td>VOCAL TITULAR 1<\/td>\n<\/tr>\n<tr>\n<td>HORACIO<\/td>\n<td>FERN\u00c1NDEZ<\/td>\n<td>VOCAL TITULAR 2<\/td>\n<\/tr>\n<tr>\n<td>JULIO<\/td>\n<td>MAGLIANO<\/td>\n<td>VOCAL TITULAR 3<\/td>\n<\/tr>\n<tr>\n<td>VALERIA<\/td>\n<td>SAUCEDO<\/td>\n<td>VOCAL TITULAR 4<\/td>\n<\/tr>\n<tr>\n<td>ELISABET<\/td>\n<td>SOSA<\/td>\n<td>VOCAL TITULAR 5<\/td>\n<\/tr>\n<tr>\n<td>BRIAN<\/td>\n<td>WAISMAN<\/td>\n<td>VOCAL SUPLENTE 1<\/td>\n<\/tr>\n<tr>\n<td>ARIEL<\/td>\n<td>SPINI<\/td>\n<td>VOCAL SUPLENTE 2<\/td>\n<\/tr>\n<tr>\n<td>MART\u00cdN<\/td>\n<td>CANTEROS<\/td>\n<td>VOCAL SUPLENTE 3<\/td>\n<\/tr>\n<tr>\n<td>GERM\u00c1N<\/td>\n<td>MURDOLO<\/td>\n<td>REVISOR DE CUENTAS 1<\/td>\n<\/tr>\n<tr>\n<td>ALEJANDRO<\/td>\n<td>V\u00c1LDEZ<\/td>\n<td>REVISOR DE CUENTAS 2<\/td>\n<\/tr>\n<tr>\n<td>DAMI\u00c1N<\/td>\n<td>BUSTAMANTE<\/td>\n<td>REVISOR DE CUENTAS SUPLENTE<\/td>\n<\/tr>\n<tr>\n<td>NORBERTO<\/td>\n<td>PAGLIETTINI<\/td>\n<td>PRESIDENTE DEL TRIBUNAL DE HONOR<\/td>\n<\/tr>\n<tr>\n<td>N\u00c9STOR<\/td>\n<td>FERN\u00c1NDEZ<\/td>\n<td>TRIBUNAL DE HONOR<\/td>\n<\/tr>\n<tr>\n<td>ALEJANDRO<\/td>\n<td>COLOMBO<\/td>\n<td>TRIBUNAL DE HONOR<\/td>\n<\/tr>\n<\/tbody>\n<\/table>\n<p>&nbsp;<\/p>\n<p>&nbsp;<\/p>\n<p>&nbsp;<\/p>\n<p>&nbsp;<\/p>\n","protected":false},"excerpt":{"rendered":"<p>Comisi\u00f3n Directiva Club Atl\u00e9tico Villa San Carlos &#8211; Per\u00edodo 2024\/2027 &nbsp; NOMBRE APELLIDO CARGO JUAN MANUEL C\u00d3RDOBA PRESIDENTE EDUARDO VALENTE VICEPRESIDENTE 1 CECILIA BADINO VICEPRESIDENTE 2 WALTER ESPECHE VICEPRESIDENTE 3 RAMIRO CRILCHUK SECRETARIO GENERAL FEDERICO RU\u00cdZ PRO-SECRETARIO MARIANO HOLUBYEZ SECRETARIO DE FINANZAS EDGARDO CRILCHUK PRO-SECRETARIO DE FINANZAS FERNANDO FAR\u00cdAS SECRETARIO DE ADMINISTRACI\u00d3N Y PERSONAL SANTIAGO [&#8230;]\n","protected":false},"author":1,"featured_media":0,"parent":4,"menu_order":0,"comment_status":"closed","ping_status":"open","template":"","meta":{"footnotes":""},"class_list":["post-12","page","type-page","status-publish","hentry"],"_links":{"self":[{"href":"https:\/\/villasancarlos.club\/vsc\/wp-json\/wp\/v2\/pages\/12","targetHints":{"allow":["GET"]}}],"collection":[{"href":"https:\/\/villasancarlos.club\/vsc\/wp-json\/wp\/v2\/pages"}],"about":[{"href":"https:\/\/villasancarlos.club\/vsc\/wp-json\/wp\/v2\/types\/page"}],"author":[{"embeddable":true,"href":"https:\/\/villasancarlos.club\/vsc\/wp-json\/wp\/v2\/users\/1"}],"replies":[{"embeddable":true,"href":"https:\/\/villasancarlos.club\/vsc\/wp-json\/wp\/v2\/comments?post=12"}],"version-history":[{"count":26,"href":"https:\/\/villasancarlos.club\/vsc\/wp-json\/wp\/v2\/pages\/12\/revisions"}],"predecessor-version":[{"id":26299,"href":"https:\/\/villasancarlos.club\/vsc\/wp-json\/wp\/v2\/pages\/12\/revisions\/26299"}],"up":[{"embeddable":true,"href":"https:\/\/villasancarlos.club\/vsc\/wp-json\/wp\/v2\/pages\/4"}],"wp:attachment":[{"href":"https:\/\/villasancarlos.club\/vsc\/wp-json\/wp\/v2\/media?parent=12"}],"curies":[{"name":"wp","href":"https:\/\/api.w.org\/{rel}","templated":true}]}}